{"id":332,"date":"2019-01-24T15:12:29","date_gmt":"2019-01-24T15:12:29","guid":{"rendered":"http:\/\/www.nuaarquitectures.com\/new\/estudi\/premis\/"},"modified":"2026-01-27T16:39:35","modified_gmt":"2026-01-27T16:39:35","slug":"premis","status":"publish","type":"page","link":"https:\/\/www.nuaarquitectures.com\/es\/estudio\/premis\/","title":{"rendered":"Premios"},"content":{"rendered":"<p><strong>2025<\/strong><\/p>\n<p><strong>Selecci\u00f3n Trienal de Lisboa.<\/strong> NUA arquitectures seleccionado entre los 20 estudios internacionales finalistas para el Premio Debut de la Trienal de Arquitectura de Lisboa. Jurado: In\u00eas Lobo, L\u00edgia Nobre, Samia Henni, Sandi Hilal y Yuma Shinohara.<\/p>\n<p><strong>Primer premio XIV Premios AJAC.<\/strong> La T<em>ransformaci\u00f3n de un edificio abandonado en 27 apartamentos<\/em>, premio en la categor\u00eda de rehabilitaci\u00f3n y restauraci\u00f3n de los premios de la Asociaci\u00f3n de J\u00f3venes Arquitectos de Catalu\u00f1a. Jurado: Ane Arce (BEAR), L\u00e9one Drapeaud (Traumnovelle) y David Closes.<\/p>\n<p><strong>Premio Alejandro de la Sota.<\/strong> El proyecto <em>Habitar la industria. Rehabilitaci\u00f3n y ampliaci\u00f3n de las oficinas Tuvat\u00e8xtil, <\/em>Premio en la categor\u00eda de edificios de usos privado y Premio Alejandro de la Sota en la XIV edici\u00f3n de los premios de la Bienal Alejandro de la Sota, Muestra de arquitectura de Tarragona. Jurado: Alonso Atienza, Betariz Borque, Cristina Gamboa, y Mosi\u00e9s Puente.<\/p>\n<p><strong>Finalistas. Concurso.<\/strong> Concurso para la construcci\u00f3n de una Residencia de personas mayores y un Centro de d\u00eda en Tivissa. Equipo formado conjuntamente con Contextos de Arquitectura (\u00d3scar Miguel Ares). Ayuntamiento de Tivissa.<\/p>\n<p>&nbsp;<\/p>\n<p><strong>2024<\/strong><\/p>\n<p><b>Primer premio Hispalyt. <\/b><i>Una nueva vida para Mas Carpi, <\/i>primer premio en categor\u00eda de rehabilitaci\u00f3n en los Premios Hispalyt 2021-2023. Jurado: Mar\u00eda Gonz\u00e1lez y Juanjo L\u00f3pez de la Cruz (Sol 89), Tomeu Ramis y Aixa del Rey (Flexo arquitectura), Juan Antonio Mart\u00ednez Lape\u00f1a, Benedetta Tagliabue (EMBT), I\u00f1aqui Carnicero, Alfred Vincent, Enrique Sanz y Elena Santiago.<\/p>\n<p><strong>Primer premio. Concurso.<\/strong> Concurso para la rehabilitaci\u00f3n del Teatro Bravium y Nuevo Centro de Artes Esc\u00e9nicas en el antiguo edificio del Centro Cat\u00f3lico. Equipo formado conjuntamente con Soffitto Arquitectura y Sandra \u00c1lvarez. Ayuntamiento de Reus.<\/p>\n<p><b>Primer premio. Premios de Arquitectura de Girona. <\/b><i>Ritual,\u00a0<\/i>primer premio en la categor\u00eda de paisaje en los Premios de Arquitectura de Girona 2025. Jurado: Izaskun Chinchilla, Anna Noguera y Silvia Blanco.<\/p>\n<p><strong>Primer premio. Concurso.<\/strong> Concurso para la rehabilitaci\u00f3n del Ayuntamiento de Benissanet.<\/p>\n<p><b>Nominaci\u00f3n Archdaily. <\/b>La\u00a0<i>casa en el centro hist\u00f3rico de Vila-seca, obra <\/i>nominada a edificio del a\u00f1o en la plataforma <i>Archdaily.<\/i><\/p>\n<p>&nbsp;<\/p>\n<p><strong>2023<\/strong><\/p>\n<p><strong>Europe 40 under 40.<\/strong> NUA arquitectures, estudio seleccionado entre los 40 estudios de arquitectura menores de 40 a\u00f1os m\u00e1s prometedores de Europa seg\u00fan el centro Europeo de arquitectura, dise\u00f1o y estudios urbanos, y el Chicago Athenaeum Museum.<\/p>\n<p><strong>Seleccionado XVI BEAU<\/strong>. Casa en el centro hist\u00f3rico de Vila-seca, obra seleccionada en la XVI Bienal Espa\u00f1ola de Arquitectura y Urbanismo.<\/p>\n<p><strong>Finalista premios Cer\u00e1mica ASCER.<\/strong> Transformaci\u00f3n de un edificio abandonado en 27 apartamentos, obra finalista en la categor\u00eda de Arquitectura en los premios Cer\u00e1mica Arquitectura e Interiorismo ASCER 2023. Jurado: Carme Pin\u00f3s, Jes\u00fas Olivares, Inma Berm\u00fadez, Gracia Cardona y Susana Babiloni.<\/p>\n<p><strong>Primer premio XIII Bienal Alejandro de la Sota.<\/strong> Transformaci\u00f3n de un edificio abandonado en 27 apartamentos, premio ex-Aequo en la categor\u00eda de restauraci\u00f3n, rehabilitaci\u00f3n y renovaci\u00f3n de la XIII Bienal Alejandro de la Sota, Muestra de Arquitectura de Tarragona 2021-2023. Jurado: Olga Felip, Carlota de Gispert y M\u00f3nica Alberola.<\/p>\n<p><strong>Primer premio XIII Bienal Alejandro de la Sota.<\/strong> Reactivaci\u00f3n de Mas Totosaus, premio ex-Aequo en la categor\u00eda de restauraci\u00f3n, rehabilitaci\u00f3n y renovaci\u00f3n de la XIII Bienal Alejandro de la Sota, Muestra de Arquitectura de Tarragona 2021-2023. Jurado: Olga Felip, Carlota de Gispert y M\u00f3nica Alberola.<\/p>\n<p><strong>Finalista XIII Bienal Alejandro de la Sota.<\/strong> Casa en el centro hist\u00f3rico de Vila-seca, obra finalista en la categor\u00eda de obra nueva de uso privado de la XIII Bienal Alejandro de la Sota, Muestra de Arquitectura de Tarragona 2021-2023. Jurado: Olga Felip, Carlota de Gispert y M\u00f3nica Alberola.<\/p>\n<p><strong>Selecci\u00f3n XIII Bienal Alejandro de la Sota.<\/strong> Una nueva vida para Mas Carpi, obra seleccionada en la categor\u00eda de restauraci\u00f3n, rehabilitaci\u00f3n y renovaci\u00f3n de la XIII Bienal Alejandro de la Sota, Muestra de Arquitectura de Tarragona 2021-2023. Jurado: Olga Felip, Carlota de Gispert y M\u00f3nica Alberola.<\/p>\n<p><strong>Nominaci\u00f3n Archdaily.<\/strong> Casa Patio en Salou, obra nominada a edificio del a\u00f1o en la plataforma Archdaily.<\/p>\n<p>&nbsp;<\/p>\n<p><strong>2022<\/strong><\/p>\n<p><strong>Catalogaci\u00f3n Arquia Pr\u00f3xima.<\/strong> Mediona 13,\u00a0 obra catalogada en el VIII Programa Arquia\/Pr\u00f3xima de la Fundaci\u00f3n Arquia, \u2018Resiliencia. Un equilibrio din\u00e1mico\u2019.<\/p>\n<p><strong>Catalogaci\u00f3n Arquia Pr\u00f3xima.<\/strong> Casa Patio en Salou,\u00a0 obra catalogada en el VIII Programa Arquia\/Pr\u00f3xima de la Fundaci\u00f3n Arquia, \u2018Resiliencia. Un equilibrio din\u00e1mico\u2019.<\/p>\n<p><strong>Segundo premio concurso.<\/strong> Convivir, segundo clasificado en el concurso de derribo, consolidaci\u00f3n, reinterpretaci\u00f3n y urbanizaci\u00f3n de un tramo de muralla de Valls. Equipo formado conjuntamente con Elisenda Ros\u00e0s y Eixam arquitectures. Ayuntamiento de Valls.<\/p>\n<p>&nbsp;<\/p>\n<p><strong>2021<\/strong><\/p>\n<p><strong>Selecci\u00f3n XV BEAU.<\/strong> Caf\u00e9 Roquet, obra seleccionada en la XV Bienal Espa\u00f1ola de Arquitectura y Urbanismo.<\/p>\n<p><strong>Primer premio XII Bienal Alejandro de la Sota.<\/strong> Caf\u00e9 Roquet premio ex-Aequo en la categor\u00eda de proyectos de interior de la XII Bienal Alejandro de la Sota, Muestra de Arquitectura de Tarragona 2019-2021. Jurado: Luc\u00eda Cano, Jorge Vidal, Oscar Miguel Ares, Ana Pascual.<\/p>\n<p><strong>Finalista XII Bienal Alejandro de la Sota.<\/strong> Mediona 13, obra finalista en la categor\u00eda de restauraci\u00f3n, rehabilitaci\u00f3n y renovaci\u00f3n de la XII Bienal Alejandro de la Sota, Muestra de Arquitectura de Tarragona 2019-2021. Jurado: Luc\u00eda Cano, Jorge Vidal, Oscar Miguel Ares, Ana Pascual.<\/p>\n<p><strong>Selecci\u00f3n XII Bienal Alejandro de la Sota.<\/strong> Casa Patio en Salou seleccionada en la categor\u00eda de proyectos de uso privado de la XII Bienal Alejandro de la Sota, Muestra de Arquitectura de Tarragona 2019-2021. Jurado: Luc\u00eda Cano, Jorge Vidal, Oscar Miguel Ares, Ana Pascual.<\/p>\n<p><strong>Segundo premio concurso.<\/strong> \u2018L\u2019envelat\u2019, segundo clasificado en el concurso de humanizaci\u00f3n de la Plaza Corsini de Tarragona. Equipo formado conjuntamente con Elisenda Ros\u00e0s y Lligams arquitectures. Ayuntamiento de Tarragona.<\/p>\n<p><strong>Nominaci\u00f3n Archdaily.<\/strong> Caf\u00e9 Roquet, obra nominada al edificio del a\u00f1o en la plataforma Archdaily.<\/p>\n<p>&nbsp;<\/p>\n<p><strong>2020<\/strong><\/p>\n<p><strong>Selecci\u00f3n concurso.<\/strong> \u2018La Teixidora\u2019, propuesta seleccionada en el Concurso de vivienda colectiva para la construcci\u00f3n de 36 viviendas p\u00fablicas en Palma de Mallorca.<\/p>\n<p><strong>Segundo premio revista AT.<\/strong> Ex-Aequo para la direcci\u00f3n de la revista AT: \u2018Arquitectures de Tarragona\u2019. Con Elisenda Ros\u00e0s y Gerard Joan.<\/p>\n<p><strong>Catalogaci\u00f3n Arquia Pr\u00f3xima.<\/strong> Caf\u00e8 Roquet, obra catalogada en el VII Programa Arquia\/pr\u00f3xima de la Fundaci\u00f3n Arquia, \u2018Punto de inflexi\u00f3n: posiciones radicales para un mundo en cambio\u2019.<\/p>\n<p>&nbsp;<\/p>\n<p><strong>2019<\/strong><\/p>\n<p><strong>Nominaci\u00f3n Mies van der Rohe.<\/strong> Proyecto de Rehabilitaci\u00f3n y ampliaci\u00f3n de los Talleres Gon-Gar nominado al Premio de Arquitectura Contempor\u00e1nea de la Uni\u00f3n Europea \u2013 Premio Mies van der Rohe.<\/p>\n<p><strong>Primer premio XI Bienal Alejandro de la Sota.<\/strong> Nuevo espacio cultural en el Teatro de Torredembarra, Premio Ex-Aequo en la categor\u00eda de restauraci\u00f3n, rehabilitaci\u00f3n y reforma de la XI edici\u00f3n de los premios de la Bienal Alejandro de la Sota, Muestra de arquitectura de Tarragona. Jurado: Llu\u00eds Clotet, Blanca Lle\u00f3, Carles Enrich y Teresa Couceiro.<\/p>\n<p>&nbsp;<\/p>\n<p><strong>2018<\/strong><\/p>\n<p><strong>Seleccionado Premios FAD.<\/strong> Rehabilitaci\u00f3n y ampliaci\u00f3n de los Talleres Gon-Gar, proyecto seleccionado en la categor\u00eda de arquitectura en la 60a Edici\u00f3n de los Premios FAD. Jurado: Anna Bach, Ricardo Carvalho, Pau Sol\u00e0-Morales i Serra, Carmen Moreno \u00c1lvarez, Cristina Dom\u00ednguez Lucas, Susana Pav\u00f3n Garc\u00eda.<\/p>\n<p><strong>Finalista XIV BEAU.<\/strong> Rehabilitaci\u00f3n y ampliaci\u00f3n de los Talleres Gon-Gar es uno de los 50 finalistas de la XIV Bienal Espa\u00f1ola de Arquitectura y Urbanismo BEAU \u2018M\u00e1s habitar, m\u00e1s humanizar\u2019. Jurado: Antonio Aguilar Mediavilla, Matxalen Acasuso Atutxa, Fernando D\u00edaz-Pines Mateo, Eduardo Fern\u00e1ndez Abascal, Jos\u00e9 Morales, Sara de Giles, Francisco Mangado, Arturo Franco, Guadalupe Pi\u00f1eira, Carlos Pereda, Inma Jansana, Alberto Rodr\u00edguez Librero, Roger Riewe, Nader Tehrani.<\/p>\n<p><strong>Primer premio 20 a\u00f1os Bienal Alejandro de la Sota.<\/strong> Restauraci\u00f3n de las fachadas de la Iglesia de la Trinidad, Premio extraordinario de los 20 a\u00f1os de los premios de la Bienal Alejandro de la Sota, Muestra de arquitectura de Tarragona (1997-2017), en la categor\u00eda de restauraci\u00f3n. Jurado: Jordi Garc\u00e9s, \u00c1ngela Garc\u00eda de Paredes, Josep Llin\u00e0s y Ricardo Vieira de Melo.<\/p>\n<p><strong>Primer premio Concurso.<\/strong> Concurso para la Reforma y ampliaci\u00f3n de la piscina municipal de Torredembarra. Equipo formado conjuntamente con NAM Arquitectura. Ayuntamiento de Torredembarra.<\/p>\n<p><strong>Menci\u00f3n especial VI Arquia Pr\u00f3xima.<\/strong> Rehabilitaci\u00f3n y ampliaci\u00f3n de los Talleres Gon-Gar, 2o premio en el VI Programa Arquia\/Pr\u00f3xima de la Fundaci\u00f3n Arquia, \u2018Pr\u00e1cticas Relevantes\u2019.<\/p>\n<p><strong>Finalista VI Arquia Pr\u00f3xima.<\/strong> Proyecto de Restauraci\u00f3n de las fachadas de la Iglesia de la Trinidad, obra finalista en el VI Programa Arquia\/Pr\u00f3xima de la Fundaci\u00f3n Arquia, \u2018Pr\u00e1cticas Relevantes\u2019.<\/p>\n<p><strong>Seleccionado VI Arquia Pr\u00f3xima.<\/strong> Proyecto de reforma del estudio NUA, obra seleccionada en el VI Programa Arquia\/Pr\u00f3xima de la Fundaci\u00f3n Arquia, \u2018Pr\u00e1cticas Relevantes\u2019.<\/p>\n<p><strong>Seleccionado Catalu\u00f1a Construcci\u00f3n.<\/strong> Rehabilitaci\u00f3n y ampliaci\u00f3n de los Talleres Gon-Gar, proyecto seleccionado en la categor\u00eda de Rehabilitaci\u00f3n Funcional en la 15a Edici\u00f3n de los Premios Catalunya Construcci\u00f3n CAATEEB. Jurado: Josep Maria Forteza, Eduard Gasc\u00f3n, Valent\u00ed Juli\u00e0, Maria Llu\u00efsa S\u00e1nchez, Josep Camps, Nat\u00e0lia Crespo, Jordi Gosalves.<\/p>\n<p>&nbsp;<\/p>\n<p><strong>2017<\/strong><\/p>\n<p><strong>Primera Menci\u00f3n ASCER.<\/strong> Rehabilitaci\u00f3n y ampliaci\u00f3n de los Talleres Gon-Gar, Primera menci\u00f3n en la categor\u00eda de Arquitectura de los premios Cer\u00e1mica Arquitectura e Interiorismo ASCER. Jurado: I\u00f1aki \u00c1balos, \u00c1ngela Garc\u00eda, Ricardo Bak, V\u00edctor Navarro, Mois\u00e9s Puente, Mart\u00edn Az\u00faa, Ramon Monfort.<\/p>\n<p><strong>Primer premio X Bienal Alejandro de la Sota.<\/strong> Restauraci\u00f3n de las fachadas de la Iglesia de la Trinidad, Tarragona, Premio Ex-Aequo en la categor\u00eda de restauraci\u00f3n, rehabilitaci\u00f3n y reforma de la X edici\u00f3n de los premios de la Bienal Alejandro de la Sota, Muestra de arquitectura de Tarragona. Jurado: Joa\u00f5 Mendes Ribeiro, Eugeni Bach y Clara de Sol\u00e0 Morales.<\/p>\n<p><strong>Finalista X Bienal Alejandro de la Sota.<\/strong> Estudio NUA y Transformables, obras Finalistas en la categor\u00eda de obras de intervenci\u00f3n en espacios interiores, dise\u00f1o y montajes ef\u00edmeros de la X edici\u00f3n de los premios de la Bienal Alejandro de la Sota, Muestra de arquitectura de Tarragona. Jurado: Joa\u00f5 Mendes Ribeiro, Eugeni Bach i Clara de Sol\u00e0 Morales.<\/p>\n<p><strong>Acc\u00e9sit Concurso.<\/strong> Concurso para el proyecto de adecuaci\u00f3n de una vivienda piloto de la Fundaci\u00f3 Malalts Mentals de Catalunya. FMMC.<\/p>\n<p><strong>Primer premio XVI Qualitat Ebrenca.<\/strong> Rehabilitaci\u00f3n y Ampliaci\u00f3n de los talleres Gon-Gar, primer premio en la XVI edici\u00f3n de los premios de Qualitat Ebrenca.<\/p>\n<p>&nbsp;<\/p>\n<p><strong>2016<\/strong><\/p>\n<p><strong>Seleccionado Bienal Arquitectura de Venecia.<\/strong> Centro para el Servicio de Distribuci\u00f3n de Alimentos de Camp Clar seleccionado entre los 7 edificios para representar Catalu\u00f1a en el pabell\u00f3n catal\u00e1n de la Bienal de Arquitectura de Venecia 2016. Comisarios: Jaume Prat, Jelena Prokopljevic y Isaki Lacuesta.<\/p>\n<p><strong>Finalista V Arquia Pr\u00f3xima.<\/strong> Centro para el Servicio de Distribuci\u00f3n de Alimentos de Camp Clar, obra finalista\u00a0 al V Programa Arquia\/Pr\u00f3xima de la Fundaci\u00f3n Arquia, \u2018Futuro imperfecto\u2019.<\/p>\n<p><strong>Primer premio Concurso.<\/strong> Concurso para la redacci\u00f3n del Plano director del Espacio del Circo romano de Tarragona. Equipo formado conjuntamente con Estanislau Roca y NAM Arquitectura. Ayuntamiento de Tarragona.<\/p>\n<p><strong>Primer premio Empr\u00e8n.<\/strong> NUA arquitectures proyecto ganador en la categor\u00eda de eficiencia energ\u00e9tica y sostenibilidad de los Premios Empr\u00e8n 2016 de la Diputaci\u00f3n de Tarragona.<\/p>\n<p><strong>Nominaci\u00f3n ArchDaily.<\/strong> Centro para el Servicio de Distribuci\u00f3n de Alimentos de Camp Clar, Nominado en la Categor\u00eda de Arquitectura Industrial como obra del a\u00f1o para Plataforma Arquitectura\/ArchDaily.<\/p>\n<p>&nbsp;<\/p>\n<p><strong>2015<\/strong><\/p>\n<p><strong>Premio Alejandro de la Sota.<\/strong> Centro para el Servicio de Distribuci\u00f3n de Alimentos de Camp Clar, Premio Ex-equo en la categor\u00eda de edificios de uso p\u00fablico y Premio Alejandro de la Sota en la IX edici\u00f3n de los premios de la Bienal Alejandro de la Sota, Muestra de arquitectura de Tarragona. Jurado: Jordi Garc\u00e9s, Lola Dom\u00e8nech y Josep Torrents.<\/p>\n<p><strong>Primer premio Concurso.<\/strong> Concurso para transformar el vest\u00edbulo del Teatro de Torredembarra en un Espacio cultural. Ayuntamiento de Torredembarra. Equipo formado conjuntamente con NAM arquitectura.<\/p>\n<p><strong>Segundo premio Concurso.<\/strong> Concurso \u2018La Muntanyeta\u2019. Reforma y ampliaci\u00f3n del antiguo instituto de Bonavista para hacer el nuevo equipamiento de la Asociaci\u00f3n Provincial de Par\u00e1lisis Cerebral de Tarragona. Equipo formado conjuntamente con NAM arquitectura.<\/p>\n<p>&nbsp;<\/p>\n<p><strong>2014<\/strong><\/p>\n<p><strong>Seleccionado IV Arquia Pr\u00f3xima.<\/strong> NUA arquitectures seleccionado como estudio joven emergente del \u00e1rea Levante y Norte de la edici\u00f3n IV del programa Arquia\/Pr\u00f3xima.<\/p>\n<p><strong>Segundo premio Concurso.<\/strong> Concurso convocado per BIMSA para la construcci\u00f3n de un equipamiento para j\u00f3venes y gente mayor en el solar \u2018Transformadors\u2019 en el ensanche de Barcelona. Equipo formado conjuntamente con ZFA Architecture &amp; Urban Lab.<\/p>\n<p><strong>Finalista Solvia.<\/strong> Premio Solvia a la innovaci\u00f3n en el dise\u00f1o de la vivienda. Concurso internacional convocado por Solvia \u2013 Banc Sabadell. Jurado: Anne Lacaton, Miquel Molins, Josep Bohigas, Juan Herreros, Xavier Monteys y Zaida Mux\u00ed.<\/p>\n<p><strong>Menci\u00f3n honor\u00edfica Concurso.<\/strong> \u2018Altres Pessebres\u2019. Jurado: Manuel Gausa, Carme Pigem, Pep Duran, Alfons Flores, Josep Bofill y Eva Prats.<\/p>\n<p>&nbsp;<\/p>\n<p><strong>2013<\/strong><\/p>\n<p><strong>Primer premio VIII Bienal Alejandro de la Sota.<\/strong> Casa para Pau y Rocio en Botarell, Primer premio en la categor\u00eda de vivienda de la VIII edici\u00f3n de los premios de la Bienal Alejandro de la Sota, Muestra de arquitectura de Tarragona. Jurado: Josep Llin\u00e0s, Mamen Domingo, Roger Miralles, Jacqueline Pacheco, Josep Puig Torn\u00e9 y Agust\u00ed Pujol.<\/p>\n<p><strong>Finalista Concurso.<\/strong> Concurso Internacional Next Landmark de Floornature. Casa para Pau y Rocio en Botarell.<\/p>\n<p><strong>Tercer premio Concurso.<\/strong> Concurso para la remodelaci\u00f3n de la sede de la Asociaci\u00f3n de Empresas Qu\u00edmicas de Tarragona.<\/p>\n<p><strong>Menci\u00f3n Honor\u00edfica ISARCH.<\/strong> Premios ISARCH awards. PFC proyecto final de carrera \u2018Infraestructura org\u00e1nica para vivir\u2019. Jurado: Sou Fujimoto \/ Benedetta Tagliabue \/ RikNys \/ Taba Rasti y Carlos Ferrater.<\/p>\n<p>&nbsp;<\/p>\n<p><strong>2012<\/strong><\/p>\n<p><strong>Primer premio AJAC.<\/strong> Premios AJAC en modalidad Proyectos Final de Carrera.<\/p>\n<p><strong>Finalista Concurso.<\/strong> Concurso C\u00e1tedra Hispalyt. Centro de Visitantes y mejora de accesos en el conjunto hist\u00f3rico de Sagunto.<\/p>\n<p>&nbsp;<\/p>\n<p><strong>2011<\/strong><\/p>\n<p><strong>Premiado Arquia.<\/strong> Concurso de proyectos Beca Arquia. Jurado: Nieto Sobejano arquitectos.<\/p>\n<p><strong>Finalista Concurso.<\/strong> Concurso de Proyectos de Arquitectura Pasajes de Arquitectura y Cr\u00edtica y Iguzzini Illuminazione 2009-2011.<\/p>\n<p><strong>Selecci\u00f3n XI BEAU PFC.<\/strong> Muestra de PFC de la Bienal Espa\u00f1ola de Arquitectura y Urbanismo XI.<\/p>\n<p><strong>Segundo premio BIARCH.<\/strong> Concurso BIARCH de Proyectos final de carrera. Barcelona Institute of Architecture.<\/p>\n","protected":false},"excerpt":{"rendered":"<p>2025 Selecci\u00f3n Trienal de Lisboa. NUA arquitectures seleccionado entre los 20 estudios internacionales finalistas para el Premio Debut de la Trienal de Arquitectura de Lisboa. Jurado: In\u00eas Lobo, L\u00edgia Nobre, Samia Henni, Sandi Hilal y Yuma Shinohara. Primer premio XIV Premios AJAC. La Transformaci\u00f3n de\u2026<\/p>\n","protected":false},"author":1,"featured_media":0,"parent":1552,"menu_order":10,"comment_status":"closed","ping_status":"closed","template":"","meta":{"_acf_changed":false,"footnotes":""},"class_list":["post-332","page","type-page","status-publish","hentry"],"acf":[],"yoast_head":"<!-- This site is optimized with the Yoast SEO plugin v27.3 - https:\/\/yoast.com\/product\/yoast-seo-wordpress\/ -->\n<title>Premios &#8211; NUA arquitectures<\/title>\n<meta name=\"robots\" content=\"index, follow, max-snippet:-1, max-image-preview:large, max-video-preview:-1\" \/>\n<link rel=\"canonical\" href=\"https:\/\/www.nuaarquitectures.com\/es\/estudio\/premis\/\" \/>\n<meta property=\"og:locale\" content=\"es_ES\" \/>\n<meta property=\"og:type\" content=\"article\" \/>\n<meta property=\"og:title\" content=\"Premios &#8211; NUA arquitectures\" \/>\n<meta property=\"og:description\" content=\"2025 Selecci\u00f3n Trienal de Lisboa. NUA arquitectures seleccionado entre los 20 estudios internacionales finalistas para el Premio Debut de la Trienal de Arquitectura de Lisboa. Jurado: In\u00eas Lobo, L\u00edgia Nobre, Samia Henni, Sandi Hilal y Yuma Shinohara. Primer premio XIV Premios AJAC. La Transformaci\u00f3n de\u2026\" \/>\n<meta property=\"og:url\" content=\"https:\/\/www.nuaarquitectures.com\/es\/estudio\/premis\/\" \/>\n<meta property=\"og:site_name\" content=\"NUA arquitectures\" \/>\n<meta property=\"article:modified_time\" content=\"2026-01-27T16:39:35+00:00\" \/>\n<meta name=\"twitter:card\" content=\"summary_large_image\" \/>\n<meta name=\"twitter:label1\" content=\"Tiempo de lectura\" \/>\n\t<meta name=\"twitter:data1\" content=\"12 minutos\" \/>\n<script type=\"application\/ld+json\" class=\"yoast-schema-graph\">{\"@context\":\"https:\\\/\\\/schema.org\",\"@graph\":[{\"@type\":\"WebPage\",\"@id\":\"https:\\\/\\\/www.nuaarquitectures.com\\\/es\\\/estudio\\\/premis\\\/\",\"url\":\"https:\\\/\\\/www.nuaarquitectures.com\\\/es\\\/estudio\\\/premis\\\/\",\"name\":\"Premios &#8211; NUA arquitectures\",\"isPartOf\":{\"@id\":\"https:\\\/\\\/www.nuaarquitectures.com\\\/#website\"},\"datePublished\":\"2019-01-24T15:12:29+00:00\",\"dateModified\":\"2026-01-27T16:39:35+00:00\",\"breadcrumb\":{\"@id\":\"https:\\\/\\\/www.nuaarquitectures.com\\\/es\\\/estudio\\\/premis\\\/#breadcrumb\"},\"inLanguage\":\"es\",\"potentialAction\":[{\"@type\":\"ReadAction\",\"target\":[\"https:\\\/\\\/www.nuaarquitectures.com\\\/es\\\/estudio\\\/premis\\\/\"]}]},{\"@type\":\"BreadcrumbList\",\"@id\":\"https:\\\/\\\/www.nuaarquitectures.com\\\/es\\\/estudio\\\/premis\\\/#breadcrumb\",\"itemListElement\":[{\"@type\":\"ListItem\",\"position\":1,\"name\":\"Inici\",\"item\":\"https:\\\/\\\/www.nuaarquitectures.com\\\/\"},{\"@type\":\"ListItem\",\"position\":2,\"name\":\"estudio\",\"item\":\"https:\\\/\\\/www.nuaarquitectures.com\\\/es\\\/estudio\\\/\"},{\"@type\":\"ListItem\",\"position\":3,\"name\":\"Premios\"}]},{\"@type\":\"WebSite\",\"@id\":\"https:\\\/\\\/www.nuaarquitectures.com\\\/#website\",\"url\":\"https:\\\/\\\/www.nuaarquitectures.com\\\/\",\"name\":\"NUA arquitectures\",\"description\":\"\",\"potentialAction\":[{\"@type\":\"SearchAction\",\"target\":{\"@type\":\"EntryPoint\",\"urlTemplate\":\"https:\\\/\\\/www.nuaarquitectures.com\\\/?s={search_term_string}\"},\"query-input\":{\"@type\":\"PropertyValueSpecification\",\"valueRequired\":true,\"valueName\":\"search_term_string\"}}],\"inLanguage\":\"es\"}]}<\/script>\n<!-- \/ Yoast SEO plugin. -->","yoast_head_json":{"title":"Premios &#8211; NUA arquitectures","robots":{"index":"index","follow":"follow","max-snippet":"max-snippet:-1","max-image-preview":"max-image-preview:large","max-video-preview":"max-video-preview:-1"},"canonical":"https:\/\/www.nuaarquitectures.com\/es\/estudio\/premis\/","og_locale":"es_ES","og_type":"article","og_title":"Premios &#8211; NUA arquitectures","og_description":"2025 Selecci\u00f3n Trienal de Lisboa. NUA arquitectures seleccionado entre los 20 estudios internacionales finalistas para el Premio Debut de la Trienal de Arquitectura de Lisboa. Jurado: In\u00eas Lobo, L\u00edgia Nobre, Samia Henni, Sandi Hilal y Yuma Shinohara. Primer premio XIV Premios AJAC. La Transformaci\u00f3n de\u2026","og_url":"https:\/\/www.nuaarquitectures.com\/es\/estudio\/premis\/","og_site_name":"NUA arquitectures","article_modified_time":"2026-01-27T16:39:35+00:00","twitter_card":"summary_large_image","twitter_misc":{"Tiempo de lectura":"12 minutos"},"schema":{"@context":"https:\/\/schema.org","@graph":[{"@type":"WebPage","@id":"https:\/\/www.nuaarquitectures.com\/es\/estudio\/premis\/","url":"https:\/\/www.nuaarquitectures.com\/es\/estudio\/premis\/","name":"Premios &#8211; NUA arquitectures","isPartOf":{"@id":"https:\/\/www.nuaarquitectures.com\/#website"},"datePublished":"2019-01-24T15:12:29+00:00","dateModified":"2026-01-27T16:39:35+00:00","breadcrumb":{"@id":"https:\/\/www.nuaarquitectures.com\/es\/estudio\/premis\/#breadcrumb"},"inLanguage":"es","potentialAction":[{"@type":"ReadAction","target":["https:\/\/www.nuaarquitectures.com\/es\/estudio\/premis\/"]}]},{"@type":"BreadcrumbList","@id":"https:\/\/www.nuaarquitectures.com\/es\/estudio\/premis\/#breadcrumb","itemListElement":[{"@type":"ListItem","position":1,"name":"Inici","item":"https:\/\/www.nuaarquitectures.com\/"},{"@type":"ListItem","position":2,"name":"estudio","item":"https:\/\/www.nuaarquitectures.com\/es\/estudio\/"},{"@type":"ListItem","position":3,"name":"Premios"}]},{"@type":"WebSite","@id":"https:\/\/www.nuaarquitectures.com\/#website","url":"https:\/\/www.nuaarquitectures.com\/","name":"NUA arquitectures","description":"","potentialAction":[{"@type":"SearchAction","target":{"@type":"EntryPoint","urlTemplate":"https:\/\/www.nuaarquitectures.com\/?s={search_term_string}"},"query-input":{"@type":"PropertyValueSpecification","valueRequired":true,"valueName":"search_term_string"}}],"inLanguage":"es"}]}},"_links":{"self":[{"href":"https:\/\/www.nuaarquitectures.com\/es\/wp-json\/wp\/v2\/pages\/332","targetHints":{"allow":["GET"]}}],"collection":[{"href":"https:\/\/www.nuaarquitectures.com\/es\/wp-json\/wp\/v2\/pages"}],"about":[{"href":"https:\/\/www.nuaarquitectures.com\/es\/wp-json\/wp\/v2\/types\/page"}],"author":[{"embeddable":true,"href":"https:\/\/www.nuaarquitectures.com\/es\/wp-json\/wp\/v2\/users\/1"}],"replies":[{"embeddable":true,"href":"https:\/\/www.nuaarquitectures.com\/es\/wp-json\/wp\/v2\/comments?post=332"}],"version-history":[{"count":13,"href":"https:\/\/www.nuaarquitectures.com\/es\/wp-json\/wp\/v2\/pages\/332\/revisions"}],"predecessor-version":[{"id":6418,"href":"https:\/\/www.nuaarquitectures.com\/es\/wp-json\/wp\/v2\/pages\/332\/revisions\/6418"}],"up":[{"embeddable":true,"href":"https:\/\/www.nuaarquitectures.com\/es\/wp-json\/wp\/v2\/pages\/1552"}],"wp:attachment":[{"href":"https:\/\/www.nuaarquitectures.com\/es\/wp-json\/wp\/v2\/media?parent=332"}],"curies":[{"name":"wp","href":"https:\/\/api.w.org\/{rel}","templated":true}]}}