{"id":1552,"date":"2019-08-01T11:30:52","date_gmt":"2019-08-01T11:30:52","guid":{"rendered":"http:\/\/www.nuaarquitectures.com\/new\/estudi-2\/"},"modified":"2026-01-29T14:04:57","modified_gmt":"2026-01-29T14:04:57","slug":"estudio","status":"publish","type":"page","link":"https:\/\/www.nuaarquitectures.com\/es\/estudio\/","title":{"rendered":"estudio"},"content":{"rendered":"<h2>Exploramos y trabajamos en \u00e1mbitos de arquitectura y dise\u00f1o a distintas escalas mediante estrategias sensibles a la memoria de los lugares y con el medio ambiente. Buscamos dar respuestas a los retos sociales y culturales contempor\u00e1neos de las ciudades y los territorios\u00a0 a trav\u00e9s de intervenciones que tienen como principal objetivo mejorar la vida de las personas.<\/h2>\n<h3><\/h3>\n<h3>NUA arquitectures naci\u00f3 en el a\u00f1o 2013 en Tarragona y ha diversificado su actividad en distintos campos y tipolog\u00edas, abordando los proyectos desde la \u00f3ptica urbana hasta el dise\u00f1o del detalle de manera simult\u00e1nea. El trabajo y la obra realizados durante los \u00faltimos a\u00f1os la han consolidado como uno de los estudios j\u00f3venes emergentes de Espa\u00f1a y Europa, siendo reconocido en tres ediciones del programa Arquia\/pr\u00f3xima (2014, 2016 y 2018) y seleccionado en 2023 como uno de los 40 estudios menores de 40 a\u00f1os m\u00e1s prometedores del continente seg\u00fan el Centro Europeo de Arquitectura, Arte, Dise\u00f1o y Estudios Urbanos y el Chicago Athenaeum Museum (Europe 40 under 40).<\/h3>\n<p>&nbsp;<\/p>\n<h3>En el a\u00f1o 2016 fue uno de los siete estudios seleccionados para representar a Catalu\u00f1a en la Bienal Internacional de Arquitectura de Venecia, y en 2025 ha sido uno de los 20 estudios internacionales finalistas del Premio Debut de la Trienal de Lisboa. Recientemente, los proyectos del estudio han sido reconocidos en el Premio de Arquitectura Contempor\u00e1nea de la Uni\u00f3n Europea \u2013 Premios Mies van der Rohe (2019), los Premios FAD (2018), la Bienal Espa\u00f1ola de Arquitectura y Urbanismo (2018, 2021, 2023), los Premios ASCER (2017, 2023), los Premios Hispalyt (2024), los Premios AJAC (2025) y la Bienal Alejandro de la Sota (2013, 2015, 2017, 2019, 2021, 2023, 2025), incluyendo el premio extraordinario de los \u00faltimos 20 a\u00f1os de su edici\u00f3n en la categor\u00eda de rehabilitaci\u00f3n (1997\u20132017), entre otros.<\/h3>\n<p>&nbsp;<\/p>\n<h3>El trabajo de NUA ha sido publicado en diversos medios nacionales e internacionales y ha sido incluido en el anuario <em>Espa\u00f1a 2019<\/em> de Arquitectura Viva. Asimismo, ha sido expuesto en distintas exposiciones itinerantes por Catalu\u00f1a, Espa\u00f1a y Europa. Recientemente, la editorial argentina Bisman ha publicado una monograf\u00eda sobre su obra.<\/h3>\n<p>&nbsp;<\/p>\n<h3>El estudio ha sido invitado a impartir conferencias en diversas universidades e instituciones de Espa\u00f1a, Italia, Eslovenia y Estados Unidos, como el Museu del Disseny, el Ateneu Barcelon\u00e8s y el Centre d\u2019Arts Santa M\u00f2nica de Barcelona, el COAMadrid, las Escuelas de Arquitectura de Barcelona, Madrid, Donosti, Valencia, Mil\u00e1n o Cagliari, el Congreso Internacional Archmarathon de Mil\u00e1n, el Congreso Internacional de los Premios Piranesi en Eslovenia, el Congreso Scaliurbani de Livorno, el College of Architecture de la Texas A&amp;M University, o la University of Virginia, entre otros.<\/h3>\n<p>&nbsp;<\/p>\n<h3>NUA arquitectures forma parte del equipo de Proyectos y Urbanismo de la Escuela de Arquitectura de Reus (EAR-URV) desde 2018. Asimismo, ha formado parte del equipo docente de la Escuela de Arte y Dise\u00f1o de Reus (EADR) y de la Escuela Universitaria de Dise\u00f1o e Ingenier\u00eda de Barcelona (ELISAVA). Tambi\u00e9n ha dirigido talleres y ha participado como jurado en premios y en diversas sesiones cr\u00edticas en la Escuela de Arquitectura de Barcelona (ETSAB-UPC), en la Escuela de Arquitectura de Donosti, en la Universidad Internacional de Catalu\u00f1a (UIC), en la Escuela de Arquitectura de La Salle (URL), en la Escuela de Arquitectura de Girona y en el College of Architecture de la Texas A&amp;M University.<\/h3>\n","protected":false},"excerpt":{"rendered":"<p>Exploramos y trabajamos en \u00e1mbitos de arquitectura y dise\u00f1o a distintas escalas mediante estrategias sensibles a la memoria de los lugares y con el medio ambiente. Buscamos dar respuestas a los retos sociales y culturales contempor\u00e1neos de las ciudades y los territorios\u00a0 a trav\u00e9s de\u2026<\/p>\n","protected":false},"author":1,"featured_media":0,"parent":0,"menu_order":3,"comment_status":"closed","ping_status":"closed","template":"estudi.php","meta":{"_acf_changed":false,"footnotes":""},"class_list":["post-1552","page","type-page","status-publish","hentry"],"acf":[],"yoast_head":"<!-- This site is optimized with the Yoast SEO plugin v27.3 - https:\/\/yoast.com\/product\/yoast-seo-wordpress\/ -->\n<title>estudio &#8211; NUA arquitectures<\/title>\n<meta name=\"robots\" content=\"index, follow, max-snippet:-1, max-image-preview:large, max-video-preview:-1\" \/>\n<link rel=\"canonical\" href=\"https:\/\/www.nuaarquitectures.com\/es\/estudio\/\" \/>\n<meta property=\"og:locale\" content=\"es_ES\" \/>\n<meta property=\"og:type\" content=\"article\" \/>\n<meta property=\"og:title\" content=\"estudio &#8211; NUA arquitectures\" \/>\n<meta property=\"og:description\" content=\"Exploramos y trabajamos en \u00e1mbitos de arquitectura y dise\u00f1o a distintas escalas mediante estrategias sensibles a la memoria de los lugares y con el medio ambiente. Buscamos dar respuestas a los retos sociales y culturales contempor\u00e1neos de las ciudades y los territorios\u00a0 a trav\u00e9s de\u2026\" \/>\n<meta property=\"og:url\" content=\"https:\/\/www.nuaarquitectures.com\/es\/estudio\/\" \/>\n<meta property=\"og:site_name\" content=\"NUA arquitectures\" \/>\n<meta property=\"article:modified_time\" content=\"2026-01-29T14:04:57+00:00\" \/>\n<meta name=\"twitter:card\" content=\"summary_large_image\" \/>\n<meta name=\"twitter:label1\" content=\"Tiempo de lectura\" \/>\n\t<meta name=\"twitter:data1\" content=\"3 minutos\" \/>\n<script type=\"application\/ld+json\" class=\"yoast-schema-graph\">{\"@context\":\"https:\\\/\\\/schema.org\",\"@graph\":[{\"@type\":\"WebPage\",\"@id\":\"https:\\\/\\\/www.nuaarquitectures.com\\\/es\\\/estudio\\\/\",\"url\":\"https:\\\/\\\/www.nuaarquitectures.com\\\/es\\\/estudio\\\/\",\"name\":\"estudio &#8211; NUA arquitectures\",\"isPartOf\":{\"@id\":\"https:\\\/\\\/www.nuaarquitectures.com\\\/#website\"},\"datePublished\":\"2019-08-01T11:30:52+00:00\",\"dateModified\":\"2026-01-29T14:04:57+00:00\",\"breadcrumb\":{\"@id\":\"https:\\\/\\\/www.nuaarquitectures.com\\\/es\\\/estudio\\\/#breadcrumb\"},\"inLanguage\":\"es\",\"potentialAction\":[{\"@type\":\"ReadAction\",\"target\":[\"https:\\\/\\\/www.nuaarquitectures.com\\\/es\\\/estudio\\\/\"]}]},{\"@type\":\"BreadcrumbList\",\"@id\":\"https:\\\/\\\/www.nuaarquitectures.com\\\/es\\\/estudio\\\/#breadcrumb\",\"itemListElement\":[{\"@type\":\"ListItem\",\"position\":1,\"name\":\"Inici\",\"item\":\"https:\\\/\\\/www.nuaarquitectures.com\\\/\"},{\"@type\":\"ListItem\",\"position\":2,\"name\":\"estudio\"}]},{\"@type\":\"WebSite\",\"@id\":\"https:\\\/\\\/www.nuaarquitectures.com\\\/#website\",\"url\":\"https:\\\/\\\/www.nuaarquitectures.com\\\/\",\"name\":\"NUA arquitectures\",\"description\":\"\",\"potentialAction\":[{\"@type\":\"SearchAction\",\"target\":{\"@type\":\"EntryPoint\",\"urlTemplate\":\"https:\\\/\\\/www.nuaarquitectures.com\\\/?s={search_term_string}\"},\"query-input\":{\"@type\":\"PropertyValueSpecification\",\"valueRequired\":true,\"valueName\":\"search_term_string\"}}],\"inLanguage\":\"es\"}]}<\/script>\n<!-- \/ Yoast SEO plugin. -->","yoast_head_json":{"title":"estudio &#8211; NUA arquitectures","robots":{"index":"index","follow":"follow","max-snippet":"max-snippet:-1","max-image-preview":"max-image-preview:large","max-video-preview":"max-video-preview:-1"},"canonical":"https:\/\/www.nuaarquitectures.com\/es\/estudio\/","og_locale":"es_ES","og_type":"article","og_title":"estudio &#8211; NUA arquitectures","og_description":"Exploramos y trabajamos en \u00e1mbitos de arquitectura y dise\u00f1o a distintas escalas mediante estrategias sensibles a la memoria de los lugares y con el medio ambiente. Buscamos dar respuestas a los retos sociales y culturales contempor\u00e1neos de las ciudades y los territorios\u00a0 a trav\u00e9s de\u2026","og_url":"https:\/\/www.nuaarquitectures.com\/es\/estudio\/","og_site_name":"NUA arquitectures","article_modified_time":"2026-01-29T14:04:57+00:00","twitter_card":"summary_large_image","twitter_misc":{"Tiempo de lectura":"3 minutos"},"schema":{"@context":"https:\/\/schema.org","@graph":[{"@type":"WebPage","@id":"https:\/\/www.nuaarquitectures.com\/es\/estudio\/","url":"https:\/\/www.nuaarquitectures.com\/es\/estudio\/","name":"estudio &#8211; NUA arquitectures","isPartOf":{"@id":"https:\/\/www.nuaarquitectures.com\/#website"},"datePublished":"2019-08-01T11:30:52+00:00","dateModified":"2026-01-29T14:04:57+00:00","breadcrumb":{"@id":"https:\/\/www.nuaarquitectures.com\/es\/estudio\/#breadcrumb"},"inLanguage":"es","potentialAction":[{"@type":"ReadAction","target":["https:\/\/www.nuaarquitectures.com\/es\/estudio\/"]}]},{"@type":"BreadcrumbList","@id":"https:\/\/www.nuaarquitectures.com\/es\/estudio\/#breadcrumb","itemListElement":[{"@type":"ListItem","position":1,"name":"Inici","item":"https:\/\/www.nuaarquitectures.com\/"},{"@type":"ListItem","position":2,"name":"estudio"}]},{"@type":"WebSite","@id":"https:\/\/www.nuaarquitectures.com\/#website","url":"https:\/\/www.nuaarquitectures.com\/","name":"NUA arquitectures","description":"","potentialAction":[{"@type":"SearchAction","target":{"@type":"EntryPoint","urlTemplate":"https:\/\/www.nuaarquitectures.com\/?s={search_term_string}"},"query-input":{"@type":"PropertyValueSpecification","valueRequired":true,"valueName":"search_term_string"}}],"inLanguage":"es"}]}},"_links":{"self":[{"href":"https:\/\/www.nuaarquitectures.com\/es\/wp-json\/wp\/v2\/pages\/1552","targetHints":{"allow":["GET"]}}],"collection":[{"href":"https:\/\/www.nuaarquitectures.com\/es\/wp-json\/wp\/v2\/pages"}],"about":[{"href":"https:\/\/www.nuaarquitectures.com\/es\/wp-json\/wp\/v2\/types\/page"}],"author":[{"embeddable":true,"href":"https:\/\/www.nuaarquitectures.com\/es\/wp-json\/wp\/v2\/users\/1"}],"replies":[{"embeddable":true,"href":"https:\/\/www.nuaarquitectures.com\/es\/wp-json\/wp\/v2\/comments?post=1552"}],"version-history":[{"count":27,"href":"https:\/\/www.nuaarquitectures.com\/es\/wp-json\/wp\/v2\/pages\/1552\/revisions"}],"predecessor-version":[{"id":6422,"href":"https:\/\/www.nuaarquitectures.com\/es\/wp-json\/wp\/v2\/pages\/1552\/revisions\/6422"}],"wp:attachment":[{"href":"https:\/\/www.nuaarquitectures.com\/es\/wp-json\/wp\/v2\/media?parent=1552"}],"curies":[{"name":"wp","href":"https:\/\/api.w.org\/{rel}","templated":true}]}}