{"id":331,"date":"2019-01-24T15:12:29","date_gmt":"2019-01-24T15:12:29","guid":{"rendered":"http:\/\/www.nuaarquitectures.com\/new\/estudi\/premis\/"},"modified":"2026-01-27T16:44:57","modified_gmt":"2026-01-27T16:44:57","slug":"premis","status":"publish","type":"page","link":"https:\/\/www.nuaarquitectures.com\/en\/studio\/premis\/","title":{"rendered":"Awards"},"content":{"rendered":"<p class=\"p1\"><b>2025<\/b><\/p>\n<p><strong>Lisbon Architecture Triennale Selection.<\/strong> NUA arquitectures selected as one of the 20 international studios shortlisted for the Debut Award of the Lisbon Architecture Triennale. Jury: In\u00eas Lobo, L\u00edgia Nobre, Samia Henni, Sandi Hilal and Yuma Shinohara.<\/p>\n<p><strong>First Prize, XIV AJAC Awards.<\/strong> <em>The transformation of an abandoned building into 27 apartments<\/em>, first prize in the rehabilitation and restoration category of the Association of Young Architects of Catalonia awards. Jury: Ane Arce (BEAR), L\u00e9one Drapeaud (Traumnovelle) and David Closes.<\/p>\n<p><strong>Alejandro de la Sota Award. <\/strong>The project <em>Inhabiting Industry. Renovation and extension of the Tuvat\u00e8xtil offices<\/em>, Award in the category of private-use buildings and Alejandro de la Sota Award at the 14th edition of the Alejandro de la Sota Biennial Awards, Tarragona Architecture Exhibition. Jury: Alonso Atienza, Betariz Borque, Cristina Gamboa, and Mosi\u00e9s Puente.<\/p>\n<p>Si quieres, puedo adaptarlo a un tono m\u00e1s institucional, m\u00e1s divulgativo o m\u00e1s breve.<\/p>\n<p><strong>Finalists. Competition.<\/strong> Competition for the construction of a Residential Care Home and a Day Care Centre for the Elderly in Tivissa. Team formed in collaboration with Contextos de Arquitectura (\u00d3scar Miguel Ares). Tivissa City Council.<\/p>\n<p>&nbsp;<\/p>\n<p class=\"p1\"><b>2024<\/b><\/p>\n<p><strong>First prize Hispalyt awards.<\/strong> <em>A new life for Mas Carpi<\/em>, first prize in refurbishment category of the Hispalyt Awards 2021-2023. Jury: Mar\u00eda Gonz\u00e1lez and Juanjo L\u00f3pez de la Cruz (Sol 89), Tomeu Ramis and Aixa del Rey (Flexo arquitectura), Juan Antonio Mart\u00ednez Lape\u00f1a, Benedetta Tagliabue (EMBT), I\u00f1aqui Carnicero, Alfred Vincent, Enrique Sanz and Elena Santiago.<\/p>\n<p><b>First prize. Competition. <\/b>Competition for the rehabilitation of the Bravium Theatre and New Performing Arts Center in the old building of the Catholic Center. Together with Soffitto Arquitectura and Sandra \u00c1lvarez. Reus City Council.<\/p>\n<p><strong>First prize Girona awards.<\/strong> <em>Ritual<\/em>, first prize in landscape category of the 2025 Girona awards. Jury: Izaskun Chinchilla, Anna Noguera and Silvia Blanco.<\/p>\n<p><strong>First prize. Competition.<\/strong> Competition for the rehabilitation of the Benissanet City hall.<\/p>\n<p><strong>Archdaily nomination .<\/strong> The house in the historic center of Vila-seca, work nominated for building of the year on the Archdaily platform.<\/p>\n<p>&nbsp;<\/p>\n<p><strong>2023<\/strong><\/p>\n<p><strong>Europe 40 under 40.<\/strong> NUA arquitectures selected among the 40 most promising architecture studios in Europe under the age of 40 according to the European Center for Architecture, Design and Urban Studies, and the Chicago Athenaeum Museum.<\/p>\n<p><strong>Selected at the XVI BEAU.<\/strong> The House in the historic center of Vila-seca, selected at the XVI Spanish Biennial of Architecture and Urbanism.<\/p>\n<p><strong>Finalist Ascer Ceramics Awards.<\/strong> The transformation of an abandoned building into 27 apartments, finalist work in the Architecture category of the ASCER 2023 Ceramics Architecture and Interiorism awards. Jury: Carme Pin\u00f3s, Jes\u00fas Olivares, Inma Berm\u00fadez, Gracia Cardona and Susana Babiloni.<\/p>\n<p><strong>First prize XIII Alejandro de la Sota Biennial.<\/strong> The transformation of an abandoned building into 27 apartments, ex-Aequo award in the category of restoration, rehabilitation and renovation at the XIII Alejandro de la Sota Biennial, Tarragona Architecture Exhibition 2021-2023. Jury: Olga Felip, Carlota de Gispert and M\u00f3nica Alberola.<\/p>\n<p><strong>First prize XIII Alejandro de la Sota Biennial.<\/strong> The Reactivation of Mas Totosaus, ex-Aequo award in the category of restoration, rehabilitation and renovation at the XIII Alejandro de la Sota Biennial, Tarragona Architecture Exhibition 2021-2023. Jury: Olga Felip, Carlota de Gispert and M\u00f3nica Alberola.<\/p>\n<p><strong>Finalist XIII Alejandro de la Sota Biennial.<\/strong> The House in the historic center of Vila-seca, finalist work in the category of private work at the XIII Alejandro de la Sota Biennial, Tarragona Architecture Exhibition 2021-2023. Jury: Olga Felip, Carlota de Gispert and M\u00f3nica Alberola.<\/p>\n<p><strong>Selected at the XIII Alejandro de la Sota Biennial.<\/strong> A new life for Mas Carpi, selected in the category of restoration, rehabilitation and renovation atthe XIII Alejandro de la Sota Biennial, Tarragona Architecture Exhibition 2021-2023. Jury: Olga Felip, Carlota de Gispert and M\u00f3nica Alberola.<\/p>\n<p><strong>Archdaily nomination.<\/strong> Patio House in Salou, work nominated for building of the year on the Archdaily platform.<\/p>\n<p>&nbsp;<\/p>\n<p><strong>2022<\/strong><\/p>\n<p><strong>Selected Arquia Pr\u00f3xima.<\/strong> Mediona 13, work catalogued in the VIII Arquia\/Pr\u00f3xima Program of the Arquia Foundation, \u2018Resiliencia. Un equilibrio din\u00e1mico &#8216;.<\/p>\n<p><strong>Selected Arquia Pr\u00f3xima.<\/strong> Patio House in Salou, work catalogued in the VIII Arquia\/Pr\u00f3xima Program of the Arquia Foundation, \u2018Resiliencia. Un equilibrio din\u00e1mico\u2019.<\/p>\n<p><strong>Second prize. Competition.<\/strong> Conviure, second place at the competition for the demolition, consolidation, reinterpretation and urbanization of a section of the wall of Valls. Together with Elisenda Ros\u00e0s and Eixam architectures. Valls Town Council.<\/p>\n<p>&nbsp;<\/p>\n<p><strong>2021<\/strong><\/p>\n<p><strong>Selected XV BEAU.<\/strong> Roquet\u2019s Caf\u00e9, a work selected at the XV Spanish Biennial of Architecture and Urbanism.<\/p>\n<p><strong>First prize XII Alejandro de la Sota Biennial.<\/strong> Roquet&#8217;s Caf\u00e9 ex-Aequo award in the category of interior projects of the XII Alejandro de la Sota Biennial, Tarragona Architecture Exhibition 2019-2021. Jury: Luc\u00eda Cano, Jorge Vidal, Oscar Miguel Ares, Ana Pascual.<\/p>\n<p><strong>Finalist XII Alejandro de la Sota Biennial.<\/strong> Mediona 13, a finalist work in the category of restoration, rehabilitation and renovation of the XII Alejandro de la Sota Biennial, Tarragona Architecture Exhibition 2019-2021. Jury: Luc\u00eda Cano, Jorge Vidal, Oscar Miguel Ares, Ana Pascual.<\/p>\n<p><strong>Selected XII Alejandro de la Sota Biennial.<\/strong> Patio House in Salou selected in the category of private use projects of the XII Alejandro de la Sota Biennial, Tarragona Architecture Exhibition 2019-2021. Jury: Luc\u00eda Cano, Jorge Vidal, Oscar Miguel Ares, Ana Pascual.<\/p>\n<p><strong>Second prize competition.<\/strong> \u2018L\u2019envelat\u2019, second classified in the humanization contest of Corsini Square in Tarragona. Team formed jointly with Elisenda Ros\u00e0s and Lligams Arquitectures. Tarragona City Council.<\/p>\n<p><strong>Archdaily nomination.<\/strong> Roquet&#8217;s Caf\u00e9, a work nominated for building of the year on the Archdaily platform.<\/p>\n<p>&nbsp;<\/p>\n<p><strong>2020<\/strong><\/p>\n<p><strong>Selected. Competition.<\/strong>\u00a0\u2018La Teixidora\u2019, a proposal selected in the Collective Housing Contest for the construction of 36 public homes in Palma de Mallorca.<\/p>\n<p><strong>Second prize magazine AT.<\/strong> Ex-Aequo for the direction of the AT magazine: \u2018Architectures of Tarragona\u2019. With Elisenda Ros\u00e0s and Gerard Joan.<\/p>\n<p><strong>Selected Arquia Pr\u00f3xima.<\/strong> Roquet&#8217;s Caf\u00e9, a work catalogued in the VII Arquia\/pr\u00f3xima Programme of the Arquia Foundation, \u2018Punto de inflexi\u00f3n: posiciones radicales para un mundo en cambio\u2019.<\/p>\n<p>&nbsp;<\/p>\n<p><strong>2019<\/strong><\/p>\n<p><strong>Mies van der Rohe nomination.<\/strong> The project of Rehabilitation and Enlargement of the Gon-Gar Workshops nominated for the European Union Prize for Contemporary Architecture \u2013 Mies van der Rohe Award.<\/p>\n<p><strong>First prize XI Alejandro de la Sota Biennial.<\/strong> The New Cultural Space at the Torredembarra Theatre, Ex-Aequo Award in the category of restoration, rehabilitation and reform of the XI edition of the awards of the Alejandro de la Sota Biennial, Tarragona Architecture Exhibition. Jury: Llu\u00eds Clotet, Blanca Lle\u00f3, Carles Enrich and Teresa Couceiro.<\/p>\n<p>&nbsp;<\/p>\n<p><strong>2018<\/strong><\/p>\n<p><strong>FAD Awards Selected.<\/strong> The Rehabilitation and Enlargement of the Gon-Gar Workshops, a project selected in the category of architecture in the 60th edition of the FAD Awards. Jury: Anna Bach, Ricardo Carvalho, Pau Sol\u00e0-Morales i Serra, Carmen Moreno \u00c1lvarez, Cristina Dom\u00ednguez Lucas, Susana Pav\u00f3n Garc\u00eda.<\/p>\n<p><strong>Finalist XIV BEAU.<\/strong> The Rehabilitation and Enlargement of the Gon-Gar Workshops is one of the 50 finalists of the XIV Spanish Biennial of Architecture and Urbanism BEAU \u2018M\u00e1s habitar, m\u00e1s humanizar\u2019. Jury: Antonio Aguilar Mediavilla, Matxalen Acasuso Atutxa, Fernando D\u00edaz-Pines Mateo, Eduardo Fern.ndez Abascal, Jos\u00e9 Morales, Sara de Giles, Francisco Mangado, Arturo Franco, Guadalupe Pi.eira, Carlos Pereda, Inma Jansana, Alberto Rodr\u00edguez Librero, Roger Riewe, Nader Tehrani.<\/p>\n<p><strong>First prize 20 years Alejandro de la Sota Biennial.<\/strong> The Restoration of the fa\u00e7ades of the Trinity Church, Extraordinary Prize of the 20 years awards of the Alejandro de la Sota Biennial, Tarragona Architecture Exhibition (1997-2017), in the category of restoration. Jury: Jordi Garc\u00e9s, \u00c1ngela Garc\u00eda de Paredes, Josep Llin\u00e0s and Ricardo Vieira de Melo.<\/p>\n<p><strong>First prize. Competition.<\/strong> Contest for the Reform and expansion of the municipal swimming pool of Torredembarra. Team formed jointly with NAM Arquitectura. Torredembarra Town Hall.<\/p>\n<p><strong>Special mention VI Arquia Pr\u00f2xima.<\/strong> The Rehabilitation and Enlargement of the Gon-Gar Workshops, 2nd prize in the VI Arquia\/Pr\u00f3xima Program of Arquia Foundation, \u2018Relevant Practices\u2019.<\/p>\n<p><strong>Finalist VI Arquia Pr\u00f2xima.<\/strong> The Restoration project of the fa\u00e7ades of the Trinity Church, a finalist work in the VI Arquia\/Pr\u00f3xima Programme of Arquia Foundation, \u2018Relevant Practices\u2019.<\/p>\n<p><strong>Selection VI Arquia Pr\u00f2xima.<\/strong> The project to reform the Estudi NUA, a work selected in the VI Arquia\/Pr\u00f3xima Programme of Arquia Foundation, \u2018Relevant Practices\u2019.<\/p>\n<p><strong>Selected Catalonia Construction.<\/strong> The Rehabilitation and Enlargement of the Gon-Gar Workshops, a project selected in the category of Functional Rehabilitation in the 15th Edition of the Catalunya Construcci\u00f3 CAATEEB Awards. Jury: Josep Maria Forteza, Eduard Gasc\u00f3n, Valent\u00ed Juli\u00e0, Maria Llu\u00efsa S.nchez, Josep Camps, Nat\u00e0lia Crespo, Jordi Gosalves.<\/p>\n<p>&nbsp;<\/p>\n<p><strong>2017<\/strong><\/p>\n<p><strong>First Mention ASCER.<\/strong> The Rehabilitation and Enlargement of the Gon-Gar Workshops, First mention in the Architecture category of the ASCER Ceramics Architecture and Interiorism Awards. Jury: I\u00f1aki \u00c1balos, \u00c1ngela Garc\u00eda, Ricardo Bak, V\u00edctor Navarro, Mois\u00e9s Puente, Mart\u00edn Az\u00faa, Ramon Monfort.<\/p>\n<p><strong>First prize X Alejandro de la Sota Biennial.<\/strong> The Restoration of the fa\u00e7ades of the Trinity Church, Tarragona, Ex-Aequo Award in the category of restoration, rehabilitation and reform of the X edition of the awards of Alejandro de la Sota Biennial, Tarragona Architecture Exhibition. Jury: Joa\u00f5 Mendes Ribeiro, Eugeni Bach and Clara de Sol\u00e0 Morales.<\/p>\n<p><strong>Finalist X Alejandro de la Sota Biennial.<\/strong> NUA studio and \u201cTransformables\u201d, Finalists works in the category of works of intervention in interior spaces, design and ephemeral montages of the X edition of the awards of the Alejandro de la Sota Biennial, Tarragona Architecture Exhibition. Jury: Joa\u00f5 Mendes Ribeiro, Eugeni Bach and Clara de Sol\u00e0 Morales.<\/p>\n<p><strong>Second prize. Contest.<\/strong> Competition for the project to adapt a pilot home of the Malalts Mentals de Catalunya Foundation. FMMC.<\/p>\n<p><strong>First prize XVI Qualitat Ebrenca.<\/strong> The Rehabilitation and Extension of the Gon-Gar workshops, first prize in the XVI edition of the Qualitat Ebrenca Awards.<\/p>\n<p>&nbsp;<\/p>\n<p><strong>2016<\/strong><\/p>\n<p><strong>Venice Architecture Biennial Selected.<\/strong> The Centre for the Food Distribution Service of Camp Clar selected from among the 7 buildings to represent Catalonia in the Catalan pavilion of the Venice Architecture Biennale 2016. Commissioners: Jaume Prat, Jelena Prokopljevic and Isaki Lacuesta.<\/p>\n<p><strong>Finalist V Near Arch.<\/strong> The Center for the Food Distribution Service of Camp Clar, a finalist work in the V Arquia\/Pr\u00f3xima Program of Arquia Foundation, \u2018Futur imperfecte\u2019.<\/p>\n<p><strong>First prize. Competition.<\/strong> Competition for the drafting of the Master Plan of the Roman Circus Space of Tarragona. Team formed jointly with Estanislau Roca and NAM Arquitectura. Tarragona City Council.<\/p>\n<p><strong>First prize \u2018Empr\u00e8n\u2019.<\/strong> NUA arquitectures winner project in the category of energy efficiency and sustainability of Empr\u00e8n Awards 2016 of the Provincial Council of Tarragona.<\/p>\n<p><strong>ArchDaily nomination.<\/strong> The Campclar Food Distribution Service Center, Nominated in the Industrial Architecture Category as work of the year by Architecture Platform\/ArchDaily.<\/p>\n<p>&nbsp;<\/p>\n<p><strong>2015<\/strong><\/p>\n<p><strong>Alejandro de la Sota Award.<\/strong> The Centre for the Food Distribution Service of Campclar, Ex-equo Award in the category of buildings for public use and Alejandro de la Sota Award in the IX edition of the Alejandro de la Sota Biennial awards, Tarragona Architecture Exhibition. Jury: Jordi Garc\u00e9s, Lola Dom\u00e8nech and Josep Torrents.<\/p>\n<p><strong>First prize Competition.<\/strong> Competition to transform the lobby of the Torredembarra Theatre into a cultural space. Torredembarra Town Hall. Team formed jointly with NAM arquitectura.<\/p>\n<p><strong>Second prize Competition.<\/strong> Contest \u2018La Muntanyeta\u2019. Reform and extension of the old Bonavista institute to make the new equipment of the Provincial Association of Brain Paralysis of Tarragona. Team formed jointly with NAM arquitectura.<\/p>\n<p>&nbsp;<\/p>\n<p><strong>2014<\/strong><\/p>\n<p><strong>Selected IV Arquia Pr\u00f2xima.<\/strong> NUA arquitectures selected as an emerging young study of the East and North area of the IV edition of the Arquia\/Pr\u00f2xima program.<\/p>\n<p><strong>Second prize Competition.<\/strong> Competition called by BIMSA for the construction of a facility for young people and the elderly on the \u2018Transformadors\u2019 site in the Barcelona expansion. Team formed jointly with ZFA Architecture &amp; Urban Lab.<\/p>\n<p><strong>Finalist Solvia.<\/strong> Solvia Award for innovation in housing design. International competition called by Solvia \u2013 Banco Sabadell. Jury: Anne Lacaton, Miquel Molins, Josep Bohigas, Juan Herreros, Xavier Monteys and Zaida Mux\u00ed.<\/p>\n<p><strong>Honorary mention Contest.<\/strong> \u2018Other Nativity scenes\u2019. Jury: Manuel Gausa, Carme Pigem, Pep Duran, Alfons Flores, Josep Bofill and Eva Prats.<\/p>\n<p>&nbsp;<\/p>\n<p><strong>2013<\/strong><\/p>\n<p><strong>First prize VIII Alejandro de la Sota Biennial.<\/strong> Pau and Rocio\u2019s House in Botarell, First prize in the housing category of the VIII edition of the Alejandro de la Sota Biennial awards, Tarragona Architecture Exhibition. Jury: Josep Llin\u00e0s, Mamen Domingo, Roger Miralles, Jacqueline Pacheco, Josep Puig Torn\u00e9 and Agust\u00ed Pujol.<\/p>\n<p><strong>Finalist Contest.<\/strong> Next Landmark International Competition of Floornature. Pau and Rocio\u2019s House in Botarell.<\/p>\n<p><strong>Third prize Competition.<\/strong> Competition for the remodelling of the headquarters of the Association of Chemical Companies of Tarragona.<\/p>\n<p><strong>Honorary mention ISARCH.<\/strong> ISARCH awards. PFC final project of career \u2018Organic infrastructure to live\u2019. Jury: Sou Fujimoto \/ Benedetta Tagliabue \/ RikNys \/ Taba Rasti and Carlos Ferrater.<\/p>\n<p>&nbsp;<\/p>\n<p><strong>2012<\/strong><\/p>\n<p><strong>First prize AJAC.<\/strong> AJAC Awards in Final Degree Projects modality.<\/p>\n<p><strong>Finalist Contest.<\/strong> Hispalyt Chair Contest. Visitor centre and improvement of access to Sagunto\u2019s historical complex.<\/p>\n<p>&nbsp;<\/p>\n<p><strong>2011<\/strong><\/p>\n<p><strong>Arquia Awarded.<\/strong> Project competition Arquia Scholarship. Jury: Nieto Sobejano arquitectos.<\/p>\n<p><strong>Finalist Contest.<\/strong> Architecture Project Competition \u2018Pasajes de Arquitectura y Cr\u00edtica\u2019 and Iguzzini Illuminazione 2009-2011.<\/p>\n<p><strong>Selected XI BEAU PFC.<\/strong> PFC Museum of the Spanish Biennial of Architecture and Urbanism XI.<\/p>\n<p><strong>Second prize BIARCH.<\/strong> BIARCH Competition of Final Projects. Barcelona Institute of Architecture.<\/p>\n","protected":false},"excerpt":{"rendered":"<p>2025 Lisbon Architecture Triennale Selection. NUA arquitectures selected as one of the 20 international studios shortlisted for the Debut Award of the Lisbon Architecture Triennale. Jury: In\u00eas Lobo, L\u00edgia Nobre, Samia Henni, Sandi Hilal and Yuma Shinohara. First Prize, XIV AJAC Awards. The transformation of\u2026<\/p>\n","protected":false},"author":1,"featured_media":0,"parent":1551,"menu_order":10,"comment_status":"closed","ping_status":"closed","template":"","meta":{"_acf_changed":false,"footnotes":""},"class_list":["post-331","page","type-page","status-publish","hentry"],"acf":[],"yoast_head":"<!-- This site is optimized with the Yoast SEO plugin v27.3 - https:\/\/yoast.com\/product\/yoast-seo-wordpress\/ -->\n<title>Awards &#8211; NUA arquitectures<\/title>\n<meta name=\"robots\" content=\"index, follow, max-snippet:-1, max-image-preview:large, max-video-preview:-1\" \/>\n<link rel=\"canonical\" href=\"https:\/\/www.nuaarquitectures.com\/en\/studio\/premis\/\" \/>\n<meta property=\"og:locale\" content=\"en_US\" \/>\n<meta property=\"og:type\" content=\"article\" \/>\n<meta property=\"og:title\" content=\"Awards &#8211; NUA arquitectures\" \/>\n<meta property=\"og:description\" content=\"2025 Lisbon Architecture Triennale Selection. NUA arquitectures selected as one of the 20 international studios shortlisted for the Debut Award of the Lisbon Architecture Triennale. Jury: In\u00eas Lobo, L\u00edgia Nobre, Samia Henni, Sandi Hilal and Yuma Shinohara. First Prize, XIV AJAC Awards. The transformation of\u2026\" \/>\n<meta property=\"og:url\" content=\"https:\/\/www.nuaarquitectures.com\/en\/studio\/premis\/\" \/>\n<meta property=\"og:site_name\" content=\"NUA arquitectures\" \/>\n<meta property=\"article:modified_time\" content=\"2026-01-27T16:44:57+00:00\" \/>\n<meta name=\"twitter:card\" content=\"summary_large_image\" \/>\n<meta name=\"twitter:label1\" content=\"Est. reading time\" \/>\n\t<meta name=\"twitter:data1\" content=\"12 minutes\" \/>\n<script type=\"application\/ld+json\" class=\"yoast-schema-graph\">{\"@context\":\"https:\\\/\\\/schema.org\",\"@graph\":[{\"@type\":\"WebPage\",\"@id\":\"https:\\\/\\\/www.nuaarquitectures.com\\\/en\\\/studio\\\/premis\\\/\",\"url\":\"https:\\\/\\\/www.nuaarquitectures.com\\\/en\\\/studio\\\/premis\\\/\",\"name\":\"Awards &#8211; NUA arquitectures\",\"isPartOf\":{\"@id\":\"https:\\\/\\\/www.nuaarquitectures.com\\\/#website\"},\"datePublished\":\"2019-01-24T15:12:29+00:00\",\"dateModified\":\"2026-01-27T16:44:57+00:00\",\"breadcrumb\":{\"@id\":\"https:\\\/\\\/www.nuaarquitectures.com\\\/en\\\/studio\\\/premis\\\/#breadcrumb\"},\"inLanguage\":\"en-US\",\"potentialAction\":[{\"@type\":\"ReadAction\",\"target\":[\"https:\\\/\\\/www.nuaarquitectures.com\\\/en\\\/studio\\\/premis\\\/\"]}]},{\"@type\":\"BreadcrumbList\",\"@id\":\"https:\\\/\\\/www.nuaarquitectures.com\\\/en\\\/studio\\\/premis\\\/#breadcrumb\",\"itemListElement\":[{\"@type\":\"ListItem\",\"position\":1,\"name\":\"Inici\",\"item\":\"https:\\\/\\\/www.nuaarquitectures.com\\\/\"},{\"@type\":\"ListItem\",\"position\":2,\"name\":\"studio\",\"item\":\"https:\\\/\\\/www.nuaarquitectures.com\\\/en\\\/studio\\\/\"},{\"@type\":\"ListItem\",\"position\":3,\"name\":\"Awards\"}]},{\"@type\":\"WebSite\",\"@id\":\"https:\\\/\\\/www.nuaarquitectures.com\\\/#website\",\"url\":\"https:\\\/\\\/www.nuaarquitectures.com\\\/\",\"name\":\"NUA arquitectures\",\"description\":\"\",\"potentialAction\":[{\"@type\":\"SearchAction\",\"target\":{\"@type\":\"EntryPoint\",\"urlTemplate\":\"https:\\\/\\\/www.nuaarquitectures.com\\\/?s={search_term_string}\"},\"query-input\":{\"@type\":\"PropertyValueSpecification\",\"valueRequired\":true,\"valueName\":\"search_term_string\"}}],\"inLanguage\":\"en-US\"}]}<\/script>\n<!-- \/ Yoast SEO plugin. -->","yoast_head_json":{"title":"Awards &#8211; NUA arquitectures","robots":{"index":"index","follow":"follow","max-snippet":"max-snippet:-1","max-image-preview":"max-image-preview:large","max-video-preview":"max-video-preview:-1"},"canonical":"https:\/\/www.nuaarquitectures.com\/en\/studio\/premis\/","og_locale":"en_US","og_type":"article","og_title":"Awards &#8211; NUA arquitectures","og_description":"2025 Lisbon Architecture Triennale Selection. NUA arquitectures selected as one of the 20 international studios shortlisted for the Debut Award of the Lisbon Architecture Triennale. Jury: In\u00eas Lobo, L\u00edgia Nobre, Samia Henni, Sandi Hilal and Yuma Shinohara. First Prize, XIV AJAC Awards. The transformation of\u2026","og_url":"https:\/\/www.nuaarquitectures.com\/en\/studio\/premis\/","og_site_name":"NUA arquitectures","article_modified_time":"2026-01-27T16:44:57+00:00","twitter_card":"summary_large_image","twitter_misc":{"Est. reading time":"12 minutes"},"schema":{"@context":"https:\/\/schema.org","@graph":[{"@type":"WebPage","@id":"https:\/\/www.nuaarquitectures.com\/en\/studio\/premis\/","url":"https:\/\/www.nuaarquitectures.com\/en\/studio\/premis\/","name":"Awards &#8211; NUA arquitectures","isPartOf":{"@id":"https:\/\/www.nuaarquitectures.com\/#website"},"datePublished":"2019-01-24T15:12:29+00:00","dateModified":"2026-01-27T16:44:57+00:00","breadcrumb":{"@id":"https:\/\/www.nuaarquitectures.com\/en\/studio\/premis\/#breadcrumb"},"inLanguage":"en-US","potentialAction":[{"@type":"ReadAction","target":["https:\/\/www.nuaarquitectures.com\/en\/studio\/premis\/"]}]},{"@type":"BreadcrumbList","@id":"https:\/\/www.nuaarquitectures.com\/en\/studio\/premis\/#breadcrumb","itemListElement":[{"@type":"ListItem","position":1,"name":"Inici","item":"https:\/\/www.nuaarquitectures.com\/"},{"@type":"ListItem","position":2,"name":"studio","item":"https:\/\/www.nuaarquitectures.com\/en\/studio\/"},{"@type":"ListItem","position":3,"name":"Awards"}]},{"@type":"WebSite","@id":"https:\/\/www.nuaarquitectures.com\/#website","url":"https:\/\/www.nuaarquitectures.com\/","name":"NUA arquitectures","description":"","potentialAction":[{"@type":"SearchAction","target":{"@type":"EntryPoint","urlTemplate":"https:\/\/www.nuaarquitectures.com\/?s={search_term_string}"},"query-input":{"@type":"PropertyValueSpecification","valueRequired":true,"valueName":"search_term_string"}}],"inLanguage":"en-US"}]}},"_links":{"self":[{"href":"https:\/\/www.nuaarquitectures.com\/en\/wp-json\/wp\/v2\/pages\/331","targetHints":{"allow":["GET"]}}],"collection":[{"href":"https:\/\/www.nuaarquitectures.com\/en\/wp-json\/wp\/v2\/pages"}],"about":[{"href":"https:\/\/www.nuaarquitectures.com\/en\/wp-json\/wp\/v2\/types\/page"}],"author":[{"embeddable":true,"href":"https:\/\/www.nuaarquitectures.com\/en\/wp-json\/wp\/v2\/users\/1"}],"replies":[{"embeddable":true,"href":"https:\/\/www.nuaarquitectures.com\/en\/wp-json\/wp\/v2\/comments?post=331"}],"version-history":[{"count":15,"href":"https:\/\/www.nuaarquitectures.com\/en\/wp-json\/wp\/v2\/pages\/331\/revisions"}],"predecessor-version":[{"id":6420,"href":"https:\/\/www.nuaarquitectures.com\/en\/wp-json\/wp\/v2\/pages\/331\/revisions\/6420"}],"up":[{"embeddable":true,"href":"https:\/\/www.nuaarquitectures.com\/en\/wp-json\/wp\/v2\/pages\/1551"}],"wp:attachment":[{"href":"https:\/\/www.nuaarquitectures.com\/en\/wp-json\/wp\/v2\/media?parent=331"}],"curies":[{"name":"wp","href":"https:\/\/api.w.org\/{rel}","templated":true}]}}